{"id":500,"date":"2021-05-19T07:41:33","date_gmt":"2021-05-19T07:41:33","guid":{"rendered":"https:\/\/ripple.as\/?page_id=500"},"modified":"2024-09-09T18:49:14","modified_gmt":"2024-09-09T18:49:14","slug":"portfolio","status":"publish","type":"page","link":"https:\/\/ripple.as\/?page_id=500","title":{"rendered":"Portfolio"},"content":{"rendered":"\t\t<div data-elementor-type=\"wp-page\" data-elementor-id=\"500\" class=\"elementor elementor-500\">\n\t\t\t\t\t\t<section class=\"elementor-section elementor-top-section elementor-element elementor-element-319a670 elementor-section-height-min-height elementor-reverse-mobile elementor-section-boxed elementor-section-height-default elementor-section-items-middle\" data-id=\"319a670\" data-element_type=\"section\" data-e-type=\"section\" data-settings=\"{&quot;background_background&quot;:&quot;classic&quot;}\">\n\t\t\t\t\t\t\t<div class=\"elementor-background-overlay\"><\/div>\n\t\t\t\t\t\t\t<div class=\"elementor-container elementor-column-gap-no\">\n\t\t\t\t\t<div class=\"elementor-column elementor-col-50 elementor-top-column elementor-element elementor-element-d6b3df5\" data-id=\"d6b3df5\" data-element_type=\"column\" data-e-type=\"column\">\n\t\t\t<div class=\"elementor-widget-wrap elementor-element-populated\">\n\t\t\t\t\t\t<div class=\"elementor-element elementor-element-6191c90 elementor-widget elementor-widget-heading\" data-id=\"6191c90\" data-element_type=\"widget\" data-e-type=\"widget\" data-widget_type=\"heading.default\">\n\t\t\t\t<div class=\"elementor-widget-container\">\n\t\t\t\t\t<h1 class=\"elementor-heading-title elementor-size-default\">Referanser<\/h1>\t\t\t\t<\/div>\n\t\t\t\t<\/div>\n\t\t<div class=\"elementor-element elementor-element-463071e e-flex e-con-boxed e-con e-parent\" data-id=\"463071e\" data-element_type=\"container\" data-e-type=\"container\">\n\t\t\t\t\t<div class=\"e-con-inner\">\n\t\t\t\t<div class=\"elementor-element elementor-element-37d5ec9 elementor-widget elementor-widget-text-editor\" data-id=\"37d5ec9\" data-element_type=\"widget\" data-e-type=\"widget\" data-widget_type=\"text-editor.default\">\n\t\t\t\t<div class=\"elementor-widget-container\">\n\t\t\t\t\t\t\t\t\t<h2>V\u00e5re ansatte har jobbet med f\u00f8lgende kunder:<\/h2>\t\t\t\t\t\t\t\t<\/div>\n\t\t\t\t<\/div>\n\t\t\t\t\t<\/div>\n\t\t\t\t<\/div>\n\t\t\t\t\t<\/div>\n\t\t<\/div>\n\t\t\t\t<div class=\"elementor-column elementor-col-50 elementor-top-column elementor-element elementor-element-0ffc505\" data-id=\"0ffc505\" data-element_type=\"column\" data-e-type=\"column\">\n\t\t\t<div class=\"elementor-widget-wrap elementor-element-populated\">\n\t\t\t\t\t\t<div class=\"elementor-element elementor-element-ae9e1dc e-transform e-transform e-transform e-transform elementor-widget elementor-widget-image\" data-id=\"ae9e1dc\" data-element_type=\"widget\" data-e-type=\"widget\" data-settings=\"{&quot;_transform_rotateZ_effect&quot;:{&quot;unit&quot;:&quot;px&quot;,&quot;size&quot;:&quot;&quot;,&quot;sizes&quot;:[]},&quot;_transform_rotateZ_effect_tablet&quot;:{&quot;unit&quot;:&quot;deg&quot;,&quot;size&quot;:&quot;&quot;,&quot;sizes&quot;:[]},&quot;_transform_rotateZ_effect_mobile&quot;:{&quot;unit&quot;:&quot;deg&quot;,&quot;size&quot;:&quot;&quot;,&quot;sizes&quot;:[]},&quot;_transform_translateX_effect&quot;:{&quot;unit&quot;:&quot;px&quot;,&quot;size&quot;:&quot;&quot;,&quot;sizes&quot;:[]},&quot;_transform_translateX_effect_tablet&quot;:{&quot;unit&quot;:&quot;px&quot;,&quot;size&quot;:&quot;&quot;,&quot;sizes&quot;:[]},&quot;_transform_translateX_effect_mobile&quot;:{&quot;unit&quot;:&quot;px&quot;,&quot;size&quot;:&quot;&quot;,&quot;sizes&quot;:[]},&quot;_transform_translateY_effect&quot;:{&quot;unit&quot;:&quot;px&quot;,&quot;size&quot;:&quot;&quot;,&quot;sizes&quot;:[]},&quot;_transform_translateY_effect_tablet&quot;:{&quot;unit&quot;:&quot;px&quot;,&quot;size&quot;:&quot;&quot;,&quot;sizes&quot;:[]},&quot;_transform_translateY_effect_mobile&quot;:{&quot;unit&quot;:&quot;px&quot;,&quot;size&quot;:&quot;&quot;,&quot;sizes&quot;:[]},&quot;_transform_scale_effect&quot;:{&quot;unit&quot;:&quot;px&quot;,&quot;size&quot;:&quot;&quot;,&quot;sizes&quot;:[]},&quot;_transform_scale_effect_tablet&quot;:{&quot;unit&quot;:&quot;px&quot;,&quot;size&quot;:&quot;&quot;,&quot;sizes&quot;:[]},&quot;_transform_scale_effect_mobile&quot;:{&quot;unit&quot;:&quot;px&quot;,&quot;size&quot;:&quot;&quot;,&quot;sizes&quot;:[]},&quot;_transform_skewX_effect&quot;:{&quot;unit&quot;:&quot;px&quot;,&quot;size&quot;:&quot;&quot;,&quot;sizes&quot;:[]},&quot;_transform_skewX_effect_tablet&quot;:{&quot;unit&quot;:&quot;deg&quot;,&quot;size&quot;:&quot;&quot;,&quot;sizes&quot;:[]},&quot;_transform_skewX_effect_mobile&quot;:{&quot;unit&quot;:&quot;deg&quot;,&quot;size&quot;:&quot;&quot;,&quot;sizes&quot;:[]},&quot;_transform_skewY_effect&quot;:{&quot;unit&quot;:&quot;px&quot;,&quot;size&quot;:&quot;&quot;,&quot;sizes&quot;:[]},&quot;_transform_skewY_effect_tablet&quot;:{&quot;unit&quot;:&quot;deg&quot;,&quot;size&quot;:&quot;&quot;,&quot;sizes&quot;:[]},&quot;_transform_skewY_effect_mobile&quot;:{&quot;unit&quot;:&quot;deg&quot;,&quot;size&quot;:&quot;&quot;,&quot;sizes&quot;:[]}}\" data-widget_type=\"image.default\">\n\t\t\t\t<div class=\"elementor-widget-container\">\n\t\t\t\t\t\t\t\t\t\t\t\t\t\t\t<img decoding=\"async\" src=\"https:\/\/ripple.as\/wp-content\/uploads\/elementor\/thumbs\/istockphoto-541114144-612x612-1-qehd48bwitx0unoxbrophsx68t7h89a8k2bcqmojuw.jpg\" title=\"Cropped shot of two businessmen meeting in the office\" alt=\"Cropped shot of two businessmen meeting in the office\" loading=\"lazy\" \/>\t\t\t\t\t\t\t\t\t\t\t\t\t\t\t<\/div>\n\t\t\t\t<\/div>\n\t\t\t\t\t<\/div>\n\t\t<\/div>\n\t\t\t\t\t<\/div>\n\t\t<\/section>\n\t\t<div class=\"elementor-element elementor-element-eb7b79b e-flex e-con-boxed e-con e-parent\" data-id=\"eb7b79b\" data-element_type=\"container\" data-e-type=\"container\">\n\t\t\t\t\t<div class=\"e-con-inner\">\n\t\t\t\t<div class=\"elementor-element elementor-element-57aea3c elementor-widget elementor-widget-spacer\" data-id=\"57aea3c\" data-element_type=\"widget\" data-e-type=\"widget\" data-widget_type=\"spacer.default\">\n\t\t\t\t<div class=\"elementor-widget-container\">\n\t\t\t\t\t\t\t<div class=\"elementor-spacer\">\n\t\t\t<div class=\"elementor-spacer-inner\"><\/div>\n\t\t<\/div>\n\t\t\t\t\t\t<\/div>\n\t\t\t\t<\/div>\n\t\t<div class=\"elementor-element elementor-element-f81c3ef e-con-full e-flex e-con e-child\" data-id=\"f81c3ef\" data-element_type=\"container\" data-e-type=\"container\">\n\t\t<div class=\"elementor-element elementor-element-cc3b959 e-grid e-con-full e-con e-child\" data-id=\"cc3b959\" data-element_type=\"container\" data-e-type=\"container\">\n\t\t\t\t<div class=\"elementor-element elementor-element-7758156 elementor-position-top elementor-widget elementor-widget-image-box\" data-id=\"7758156\" data-element_type=\"widget\" data-e-type=\"widget\" data-widget_type=\"image-box.default\">\n\t\t\t\t<div class=\"elementor-widget-container\">\n\t\t\t\t\t<div class=\"elementor-image-box-wrapper\"><figure class=\"elementor-image-box-img\"><img decoding=\"async\" width=\"250\" height=\"162\" src=\"https:\/\/ripple.as\/wp-content\/uploads\/2023\/10\/original.png\" class=\"attachment-full size-full wp-image-618\" alt=\"\" \/><\/figure><div class=\"elementor-image-box-content\"><h3 class=\"elementor-image-box-title\">Strategi og Partner Sprint<\/h3><p class=\"elementor-image-box-description\">Gjennomf\u00f8ring av Strategi Sprint. Utvikling av partner program. Implementering av program som inkluderer Oslo Kommune, HS\u00d8 og DNV.\n\nGjennomf\u00f8ring av Partner Sprint med workshops for over 10 forskjellige industri bedrifter og offentlige virksomheter.\n\n<\/p><\/div><\/div>\t\t\t\t<\/div>\n\t\t\t\t<\/div>\n\t\t\t\t<div class=\"elementor-element elementor-element-d69ddfa elementor-position-top elementor-widget elementor-widget-image-box\" data-id=\"d69ddfa\" data-element_type=\"widget\" data-e-type=\"widget\" data-widget_type=\"image-box.default\">\n\t\t\t\t<div class=\"elementor-widget-container\">\n\t\t\t\t\t<div class=\"elementor-image-box-wrapper\"><figure class=\"elementor-image-box-img\"><img decoding=\"async\" width=\"250\" height=\"162\" src=\"https:\/\/ripple.as\/wp-content\/uploads\/2023\/10\/original.png\" class=\"attachment-full size-full wp-image-618\" alt=\"\" \/><\/figure><div class=\"elementor-image-box-content\"><h3 class=\"elementor-image-box-title\">Strategi og Partner Sprint<\/h3><p class=\"elementor-image-box-description\">Gjennomf\u00f8ring av Service Provider Sprint for etablering av program for tjenestetilbydere. Involverte en rekke aktuelle tjenestetilbydere.<\/p><\/div><\/div>\t\t\t\t<\/div>\n\t\t\t\t<\/div>\n\t\t\t\t<div class=\"elementor-element elementor-element-2c48c4c elementor-position-top elementor-widget elementor-widget-image-box\" data-id=\"2c48c4c\" data-element_type=\"widget\" data-e-type=\"widget\" data-widget_type=\"image-box.default\">\n\t\t\t\t<div class=\"elementor-widget-container\">\n\t\t\t\t\t<div class=\"elementor-image-box-wrapper\"><figure class=\"elementor-image-box-img\"><img fetchpriority=\"high\" decoding=\"async\" width=\"300\" height=\"168\" src=\"https:\/\/ripple.as\/wp-content\/uploads\/2024\/09\/Valide-2.png\" class=\"attachment-full size-full wp-image-977\" alt=\"Valid\u00e9\" \/><\/figure><div class=\"elementor-image-box-content\"><h3 class=\"elementor-image-box-title\">Utvikling av Partner Konsept<\/h3><p class=\"elementor-image-box-description\">Gjennomf\u00f8ring av Partner Sprint sammen med 9 forskjellige bedrifter og organisasjoner innenfor kraft og  energisektoren.\n<\/p><\/div><\/div>\t\t\t\t<\/div>\n\t\t\t\t<\/div>\n\t\t\t\t<div class=\"elementor-element elementor-element-1084822 elementor-position-top elementor-widget elementor-widget-image-box\" data-id=\"1084822\" data-element_type=\"widget\" data-e-type=\"widget\" data-widget_type=\"image-box.default\">\n\t\t\t\t<div class=\"elementor-widget-container\">\n\t\t\t\t\t<div class=\"elementor-image-box-wrapper\"><figure class=\"elementor-image-box-img\"><img decoding=\"async\" width=\"1200\" height=\"321\" src=\"https:\/\/ripple.as\/wp-content\/uploads\/2023\/10\/LOGO-FARMASTAT-GRONN-1200x321-1.png\" class=\"attachment-full size-full wp-image-617\" alt=\"\" srcset=\"https:\/\/ripple.as\/wp-content\/uploads\/2023\/10\/LOGO-FARMASTAT-GRONN-1200x321-1.png 1200w, https:\/\/ripple.as\/wp-content\/uploads\/2023\/10\/LOGO-FARMASTAT-GRONN-1200x321-1-300x80.png 300w, https:\/\/ripple.as\/wp-content\/uploads\/2023\/10\/LOGO-FARMASTAT-GRONN-1200x321-1-1024x274.png 1024w, https:\/\/ripple.as\/wp-content\/uploads\/2023\/10\/LOGO-FARMASTAT-GRONN-1200x321-1-768x205.png 768w\" sizes=\"(max-width: 1200px) 100vw, 1200px\" \/><\/figure><div class=\"elementor-image-box-content\"><h3 class=\"elementor-image-box-title\">Strategi Sprint<\/h3><p class=\"elementor-image-box-description\">Gjennomf\u00f8ring av situasjonsanalyse og Strategi Sprint for selskapet.&nbsp;Etablering av ny strategi som ble gjennomf\u00f8rt med gode resultat.<\/p><\/div><\/div>\t\t\t\t<\/div>\n\t\t\t\t<\/div>\n\t\t\t\t<div class=\"elementor-element elementor-element-cf2ecec elementor-position-top elementor-widget elementor-widget-image-box\" data-id=\"cf2ecec\" data-element_type=\"widget\" data-e-type=\"widget\" data-widget_type=\"image-box.default\">\n\t\t\t\t<div class=\"elementor-widget-container\">\n\t\t\t\t\t<div class=\"elementor-image-box-wrapper\"><figure class=\"elementor-image-box-img\"><img decoding=\"async\" width=\"1200\" height=\"321\" src=\"https:\/\/ripple.as\/wp-content\/uploads\/2023\/10\/LOGO-FARMASTAT-GRONN-1200x321-1.png\" class=\"attachment-full size-full wp-image-617\" alt=\"\" srcset=\"https:\/\/ripple.as\/wp-content\/uploads\/2023\/10\/LOGO-FARMASTAT-GRONN-1200x321-1.png 1200w, https:\/\/ripple.as\/wp-content\/uploads\/2023\/10\/LOGO-FARMASTAT-GRONN-1200x321-1-300x80.png 300w, https:\/\/ripple.as\/wp-content\/uploads\/2023\/10\/LOGO-FARMASTAT-GRONN-1200x321-1-1024x274.png 1024w, https:\/\/ripple.as\/wp-content\/uploads\/2023\/10\/LOGO-FARMASTAT-GRONN-1200x321-1-768x205.png 768w\" sizes=\"(max-width: 1200px) 100vw, 1200px\" \/><\/figure><div class=\"elementor-image-box-content\"><h3 class=\"elementor-image-box-title\">Partner Sprint<\/h3><p class=\"elementor-image-box-description\">Gjennomf\u00f8ring av Partner Sprint for Nordiske Partnere.<br>Resulterte i felles partner konsept som ble implementert.<\/p><\/div><\/div>\t\t\t\t<\/div>\n\t\t\t\t<\/div>\n\t\t\t\t<div class=\"elementor-element elementor-element-553bbf1 elementor-position-top elementor-widget elementor-widget-image-box\" data-id=\"553bbf1\" data-element_type=\"widget\" data-e-type=\"widget\" data-widget_type=\"image-box.default\">\n\t\t\t\t<div class=\"elementor-widget-container\">\n\t\t\t\t\t<div class=\"elementor-image-box-wrapper\"><figure class=\"elementor-image-box-img\"><img loading=\"lazy\" decoding=\"async\" width=\"312\" height=\"161\" src=\"https:\/\/ripple.as\/wp-content\/uploads\/2023\/10\/last-ned-1.png\" class=\"attachment-full size-full wp-image-615\" alt=\"\" srcset=\"https:\/\/ripple.as\/wp-content\/uploads\/2023\/10\/last-ned-1.png 312w, https:\/\/ripple.as\/wp-content\/uploads\/2023\/10\/last-ned-1-300x155.png 300w\" sizes=\"(max-width: 312px) 100vw, 312px\" \/><\/figure><div class=\"elementor-image-box-content\"><h3 class=\"elementor-image-box-title\">Modernisering og outsourcing <\/h3><p class=\"elementor-image-box-description\">Prosjektledelse knyttet til gjennomf\u00f8ring av moderniseringsprosjekt og outsourcing av forretningsprosesser for mange bedrifter.<\/p><\/div><\/div>\t\t\t\t<\/div>\n\t\t\t\t<\/div>\n\t\t\t\t<div class=\"elementor-element elementor-element-4aa8b29 elementor-position-top elementor-widget elementor-widget-image-box\" data-id=\"4aa8b29\" data-element_type=\"widget\" data-e-type=\"widget\" data-widget_type=\"image-box.default\">\n\t\t\t\t<div class=\"elementor-widget-container\">\n\t\t\t\t\t<div class=\"elementor-image-box-wrapper\"><figure class=\"elementor-image-box-img\"><img loading=\"lazy\" decoding=\"async\" width=\"304\" height=\"166\" src=\"https:\/\/ripple.as\/wp-content\/uploads\/2023\/10\/last-ned.png\" class=\"attachment-full size-full wp-image-616\" alt=\"\" srcset=\"https:\/\/ripple.as\/wp-content\/uploads\/2023\/10\/last-ned.png 304w, https:\/\/ripple.as\/wp-content\/uploads\/2023\/10\/last-ned-300x164.png 300w\" sizes=\"(max-width: 304px) 100vw, 304px\" \/><\/figure><div class=\"elementor-image-box-content\"><h3 class=\"elementor-image-box-title\">Prosjektledelse, endringsledelse og forhandlinger<\/h3><p class=\"elementor-image-box-description\">Prosjektledelse knyttet til internasjonalt prosjekt med harmonisering av forretningsprosesser, endringsledelse og digitalisering som involverte 40 land.&nbsp;<\/p><\/div><\/div>\t\t\t\t<\/div>\n\t\t\t\t<\/div>\n\t\t\t\t<div class=\"elementor-element elementor-element-d4321e6 elementor-position-top elementor-widget elementor-widget-image-box\" data-id=\"d4321e6\" data-element_type=\"widget\" data-e-type=\"widget\" data-widget_type=\"image-box.default\">\n\t\t\t\t<div class=\"elementor-widget-container\">\n\t\t\t\t\t<div class=\"elementor-image-box-wrapper\"><figure class=\"elementor-image-box-img\"><img loading=\"lazy\" decoding=\"async\" width=\"800\" height=\"446\" src=\"https:\/\/ripple.as\/wp-content\/uploads\/2023\/10\/main_logo-1.webp\" class=\"attachment-full size-full wp-image-619\" alt=\"\" srcset=\"https:\/\/ripple.as\/wp-content\/uploads\/2023\/10\/main_logo-1.webp 800w, https:\/\/ripple.as\/wp-content\/uploads\/2023\/10\/main_logo-1-300x167.webp 300w, https:\/\/ripple.as\/wp-content\/uploads\/2023\/10\/main_logo-1-768x428.webp 768w\" sizes=\"(max-width: 800px) 100vw, 800px\" \/><\/figure><div class=\"elementor-image-box-content\"><h3 class=\"elementor-image-box-title\">Digitalisering\/ modernisering<\/h3><p class=\"elementor-image-box-description\">R\u00e5dgivning knyttet til prioritering og valg av moderniseringsprosjekter. Vurdering av gevinst\/risiko. <\/p><\/div><\/div>\t\t\t\t<\/div>\n\t\t\t\t<\/div>\n\t\t\t\t<\/div>\n\t\t\t\t<\/div>\n\t\t\t\t\t<\/div>\n\t\t\t\t<\/div>\n\t\t\t\t<\/div>\n\t\t","protected":false},"excerpt":{"rendered":"<p>Referanser V\u00e5re ansatte har jobbet med f\u00f8lgende kunder: Strategi og Partner Sprint Gjennomf\u00f8ring av Strategi Sprint. Utvikling av partner program. Implementering av program som inkluderer Oslo Kommune, HS\u00d8 og DNV. Gjennomf\u00f8ring av Partner Sprint med workshops for over 10 forskjellige industri bedrifter og offentlige virksomheter. Strategi og Partner Sprint Gjennomf\u00f8ring av Service Provider Sprint for [&hellip;]<\/p>\n","protected":false},"author":1,"featured_media":0,"parent":0,"menu_order":0,"comment_status":"closed","ping_status":"closed","template":"","meta":{"_uag_custom_page_level_css":"","site-sidebar-layout":"no-sidebar","site-content-layout":"page-builder","ast-site-content-layout":"default","site-content-style":"default","site-sidebar-style":"default","ast-global-header-display":"","ast-banner-title-visibility":"","ast-main-header-display":"","ast-hfb-above-header-display":"","ast-hfb-below-header-display":"","ast-hfb-mobile-header-display":"","site-post-title":"disabled","ast-breadcrumbs-content":"disabled","ast-featured-img":"disabled","footer-sml-layout":"","ast-disable-related-posts":"","theme-transparent-header-meta":"enabled","adv-header-id-meta":"","stick-header-meta":"","header-above-stick-meta":"","header-main-stick-meta":"","header-below-stick-meta":"","astra-migrate-meta-layouts":"default","ast-page-background-enabled":"default","ast-page-background-meta":{"desktop":{"background-color":"","background-image":"","background-repeat":"repeat","background-position":"center center","background-size":"auto","background-attachment":"scroll","background-type":"","background-media":"","overlay-type":"","overlay-color":"","overlay-opacity":"","overlay-gradient":""},"tablet":{"background-color":"","background-image":"","background-repeat":"repeat","background-position":"center center","background-size":"auto","background-attachment":"scroll","background-type":"","background-media":"","overlay-type":"","overlay-color":"","overlay-opacity":"","overlay-gradient":""},"mobile":{"background-color":"","background-image":"","background-repeat":"repeat","background-position":"center center","background-size":"auto","background-attachment":"scroll","background-type":"","background-media":"","overlay-type":"","overlay-color":"","overlay-opacity":"","overlay-gradient":""}},"ast-content-background-meta":{"desktop":{"background-color":"var(--ast-global-color-5)","background-image":"","background-repeat":"repeat","background-position":"center center","background-size":"auto","background-attachment":"scroll","background-type":"","background-media":"","overlay-type":"","overlay-color":"","overlay-opacity":"","overlay-gradient":""},"tablet":{"background-color":"var(--ast-global-color-5)","background-image":"","background-repeat":"repeat","background-position":"center center","background-size":"auto","background-attachment":"scroll","background-type":"","background-media":"","overlay-type":"","overlay-color":"","overlay-opacity":"","overlay-gradient":""},"mobile":{"background-color":"var(--ast-global-color-5)","background-image":"","background-repeat":"repeat","background-position":"center center","background-size":"auto","background-attachment":"scroll","background-type":"","background-media":"","overlay-type":"","overlay-color":"","overlay-opacity":"","overlay-gradient":""}},"footnotes":""},"class_list":["post-500","page","type-page","status-publish","hentry"],"uagb_featured_image_src":{"full":false,"thumbnail":false,"medium":false,"medium_large":false,"large":false,"1536x1536":false,"2048x2048":false},"uagb_author_info":{"display_name":"cqnbjf","author_link":"https:\/\/ripple.as\/?author=1"},"uagb_comment_info":0,"uagb_excerpt":"Referanser V\u00e5re ansatte har jobbet med f\u00f8lgende kunder: Strategi og Partner Sprint Gjennomf\u00f8ring av Strategi Sprint. Utvikling av partner program. Implementering av program som inkluderer Oslo Kommune, HS\u00d8 og DNV. Gjennomf\u00f8ring av Partner Sprint med workshops for over 10 forskjellige industri bedrifter og offentlige virksomheter. Strategi og Partner Sprint Gjennomf\u00f8ring av Service Provider Sprint for&hellip;","_links":{"self":[{"href":"https:\/\/ripple.as\/index.php?rest_route=\/wp\/v2\/pages\/500"}],"collection":[{"href":"https:\/\/ripple.as\/index.php?rest_route=\/wp\/v2\/pages"}],"about":[{"href":"https:\/\/ripple.as\/index.php?rest_route=\/wp\/v2\/types\/page"}],"author":[{"embeddable":true,"href":"https:\/\/ripple.as\/index.php?rest_route=\/wp\/v2\/users\/1"}],"replies":[{"embeddable":true,"href":"https:\/\/ripple.as\/index.php?rest_route=%2Fwp%2Fv2%2Fcomments&post=500"}],"version-history":[{"count":40,"href":"https:\/\/ripple.as\/index.php?rest_route=\/wp\/v2\/pages\/500\/revisions"}],"predecessor-version":[{"id":1000,"href":"https:\/\/ripple.as\/index.php?rest_route=\/wp\/v2\/pages\/500\/revisions\/1000"}],"wp:attachment":[{"href":"https:\/\/ripple.as\/index.php?rest_route=%2Fwp%2Fv2%2Fmedia&parent=500"}],"curies":[{"name":"wp","href":"https:\/\/api.w.org\/{rel}","templated":true}]}}